{"id":10434,"date":"2025-05-22T11:26:33","date_gmt":"2025-05-22T10:26:33","guid":{"rendered":"https:\/\/gronnejenter.wordpress.com\/?page_id=10434"},"modified":"2026-01-21T22:13:52","modified_gmt":"2026-01-21T21:13:52","slug":"om-oss","status":"publish","type":"page","link":"https:\/\/www.xn--grnnejenter-hgb.no\/?page_id=10434","title":{"rendered":"OM OSS"},"content":{"rendered":"\n<div class=\"wp-block-cover alignfull is-light has-contrast-color has-text-color has-link-color wp-elements-5effe2bde2af413afa85a21dbe70d99a\" style=\"margin-top:0;margin-bottom:0;padding-top:var(--wp--preset--spacing--60);padding-right:var(--wp--preset--spacing--50);padding-bottom:var(--wp--preset--spacing--60);padding-left:var(--wp--preset--spacing--50)\"><span aria-hidden=\"true\" class=\"wp-block-cover__background has-base-background-color has-background-dim-100 has-background-dim\"><\/span><div class=\"wp-block-cover__inner-container has-global-padding is-layout-constrained wp-container-core-cover-is-layout-873ee6b1 wp-block-cover-is-layout-constrained\">\n<div class=\"wp-block-columns alignwide is-style-default is-layout-flex wp-container-core-columns-is-layout-7ee84d44 wp-block-columns-is-layout-flex\">\n<div class=\"wp-block-column is-layout-flow wp-block-column-is-layout-flow\" style=\"flex-basis:65%\">\n<div class=\"wp-block-group is-vertical is-content-justification-stretch is-layout-flex wp-container-core-group-is-layout-353c4f5a wp-block-group-is-layout-flex\">\n<div class=\"wp-block-group is-nowrap is-layout-flex wp-container-core-group-is-layout-6c531013 wp-block-group-is-layout-flex\">\n<h2 class=\"wp-block-heading has-text-align-left\" style=\"font-size:clamp(8.042rem, 8.042rem + ((1vw - 0.2rem) * 21.895), 22rem);font-style:normal;font-weight:300;letter-spacing:-0.03em;line-height:1.4\">Hei,<\/h2>\n<\/div>\n\n\n\n<p><strong>Vi er ganske gr\u00f8nne jenter. <\/strong><\/p>\n\n\n\n<p class=\"is-style-default\">Gr\u00f8nne jenter startet som rosablogg i 2015 for \u00e5 inspirere til gr\u00f8nne livstilsvalg, og traff tids\u00e5nden med et smell. Bloggen besto av unge jenter som skrev om alt fra menskopper og halloumi til togferier og plastfrie sexleket\u00f8y. De inspirerte tusenvis av lesere til \u00e5 leve gr\u00f8nnere med et budskap om enklere liv og gr\u00f8nn luksus.<\/p>\n\n\n\n<p>Ti \u00e5r senere har verden forandret seg. Siden sist har selskaper med fet profitt fortsatt \u00e5 tjene penger p\u00e5 fossilt. Samtidig fortsetter de \u00e5 fortelle oss at det er vi som forbrukere som m\u00e5 redde verden i et system som er rigga mot oss. Mange unge f\u00f8ler seg desillusjonerte, gaslighta, eller rett og slett overveldet. Tids\u00e5nden er midt i mot, men behovet for gr\u00f8nne, progressive stemmer er st\u00f8rre enn det noen gang har v\u00e6rt.<\/p>\n\n\n\n<p>Derfor relanserer vi n\u00e5 Gr\u00f8nne Jenter.<\/p>\n\n\n\n<p>Vi er en ny generasjon gr\u00f8nne jenter \u2013 i generasjon Greta Thunberg \u2013 som samles i et tekstkollektiv for \u00e5 utforske hva det betyr \u00e5 v\u00e6re en gr\u00f8nn jente i 2025. Vi kommer fra ulike deler av milj\u00f8bevegelsen: vi har erfaring med aktivisme gjennom musikk, politikk, mote, finans, i spaltene og p\u00e5 gata. Vi tror p\u00e5 at personlig livsstil og politikk henger sammen.<\/p>\n\n\n\n<p>Vi er lei av \u00e5 doomscrolle alene i algoritmestyrte medier. Vi vil heller m\u00f8tes i virkeligheten og vise fram kule gr\u00f8nne initiativer.<\/p>\n\n\n\n<p>Vi orker ikke at man enten m\u00e5 v\u00e6re klimaengel eller klimasynder. Derfor vil vi utforske de vanskelige sp\u00f8rsm\u00e5lene . For hvordan kan man egentlig v\u00e6re gr\u00f8nn over tid uten \u00e5 brenne lyset i begge ender?<\/p>\n\n\n\n<p class=\"is-style-default\">Vi f\u00f8ler oss ferdige med influensere som gr\u00f8nnvasker yogaretreaten sin p\u00e5 Costa Rica, og bedrifter som p\u00e5st\u00e5r at de er gr\u00f8nne, men som handler stikk i strid av det de sier. Gr\u00f8nne jenter vil skrive om det som faktisk er gr\u00f8nt, og utforske hvordan man kan f\u00e5 klimaengasjementet til \u00e5 vare.<\/p>\n<\/div>\n\n\n\n<p>Vi gleder oss til \u00e5 bli kjent med dere!<\/p>\n\n\n\n<p>Meld deg p\u00e5 nyhetsbrevet v\u00e5rt hvis du vil f\u00f8lge med <a href=\"https:\/\/docs.google.com\/forms\/d\/e\/1FAIpQLSff0TF4WqaFh5N5rcnw9GzyXMwvvwC-JrGbkwW8Cd6N9qZk9w\/viewform\" data-type=\"link\" data-id=\"https:\/\/docs.google.com\/forms\/d\/e\/1FAIpQLSff0TF4WqaFh5N5rcnw9GzyXMwvvwC-JrGbkwW8Cd6N9qZk9w\/viewform\">HER<\/a><\/p>\n\n\n\n<p>Hilja, Sofie, Lydia og Nora<\/p>\n\n\n\n<p><\/p>\n\n\n\n<p>Vil du samarbeide med oss? <a href=\"https:\/\/www.xn--grnnejenter-hgb.no\/?page_id=10579\" data-type=\"page\" data-id=\"10579\">KONTAKT OSS<\/a><\/p>\n\n\n\n<p><\/p>\n<\/div>\n\n\n\n<div class=\"wp-block-column is-style-default is-layout-flow wp-block-column-is-layout-flow\" style=\"flex-basis:35%\">\n<div class=\"wp-block-group is-vertical is-content-justification-stretch is-nowrap is-layout-flex wp-container-core-group-is-layout-73b0033c wp-block-group-is-layout-flex\">\n<p class=\"has-text-align-right has-x-large-font-size\" style=\"line-height:1.2\"><a href=\"https:\/\/www.instagram.com\/gronnejenter\/\">Instagram<\/a><br><br><\/p>\n<\/div>\n\n\n\n<figure class=\"wp-block-image aligncenter size-large is-resized\"><img loading=\"lazy\" decoding=\"async\" width=\"1024\" height=\"768\" src=\"https:\/\/www.xn--grnnejenter-hgb.no\/wp-content\/uploads\/2025\/11\/GJ1-1024x768.jpg\" alt=\"\" class=\"wp-image-10594\" style=\"width:416px;height:auto\" srcset=\"https:\/\/www.xn--grnnejenter-hgb.no\/wp-content\/uploads\/2025\/11\/GJ1-1024x768.jpg 1024w, https:\/\/www.xn--grnnejenter-hgb.no\/wp-content\/uploads\/2025\/11\/GJ1-300x225.jpg 300w, https:\/\/www.xn--grnnejenter-hgb.no\/wp-content\/uploads\/2025\/11\/GJ1-768x576.jpg 768w, https:\/\/www.xn--grnnejenter-hgb.no\/wp-content\/uploads\/2025\/11\/GJ1.jpg 1180w\" sizes=\"auto, (max-width: 1024px) 100vw, 1024px\" \/><\/figure>\n<\/div>\n<\/div>\n<\/div><\/div>\n","protected":false},"excerpt":{"rendered":"","protected":false},"author":1,"featured_media":0,"parent":0,"menu_order":0,"comment_status":"closed","ping_status":"closed","template":"","meta":{"jetpack_post_was_ever_published":false,"footnotes":""},"class_list":["post-10434","page","type-page","status-publish","hentry"],"jetpack_sharing_enabled":true,"_links":{"self":[{"href":"https:\/\/www.xn--grnnejenter-hgb.no\/index.php?rest_route=\/wp\/v2\/pages\/10434","targetHints":{"allow":["GET"]}}],"collection":[{"href":"https:\/\/www.xn--grnnejenter-hgb.no\/index.php?rest_route=\/wp\/v2\/pages"}],"about":[{"href":"https:\/\/www.xn--grnnejenter-hgb.no\/index.php?rest_route=\/wp\/v2\/types\/page"}],"author":[{"embeddable":true,"href":"https:\/\/www.xn--grnnejenter-hgb.no\/index.php?rest_route=\/wp\/v2\/users\/1"}],"replies":[{"embeddable":true,"href":"https:\/\/www.xn--grnnejenter-hgb.no\/index.php?rest_route=%2Fwp%2Fv2%2Fcomments&post=10434"}],"version-history":[{"count":3,"href":"https:\/\/www.xn--grnnejenter-hgb.no\/index.php?rest_route=\/wp\/v2\/pages\/10434\/revisions"}],"predecessor-version":[{"id":10617,"href":"https:\/\/www.xn--grnnejenter-hgb.no\/index.php?rest_route=\/wp\/v2\/pages\/10434\/revisions\/10617"}],"wp:attachment":[{"href":"https:\/\/www.xn--grnnejenter-hgb.no\/index.php?rest_route=%2Fwp%2Fv2%2Fmedia&parent=10434"}],"curies":[{"name":"wp","href":"https:\/\/api.w.org\/{rel}","templated":true}]}}